{"id":2187,"date":"2025-05-01T08:22:56","date_gmt":"2025-05-01T06:22:56","guid":{"rendered":"https:\/\/tcleteln.de\/?page_id=2187"},"modified":"2026-02-21T10:19:39","modified_gmt":"2026-02-21T09:19:39","slug":"ferienspiele-fuer-kinder","status":"publish","type":"page","link":"https:\/\/tcleteln.de\/index.php\/ferienspiele-fuer-kinder\/","title":{"rendered":"Ferienspiele"},"content":{"rendered":"\n<h2 class=\"wp-block-heading has-large-font-size\">Tolle Sommerferienspiele 2025 beim TC Leteln<\/h2>\n\n\n\n<p class=\"has-medium-font-size\">Im letzten Jahr fanden wieder die Ferienspiele statt. 13 Kinder konnten vom 06.08.2025 bis zum 08.08.2025 auf der Anlage des TC Leteln viel Spa\u00df bei unterschiedlichen Spielen, Bewegung und nat\u00fcrlich Tennis erleben. Das Trainerteam um Markus Dammeyer vermittelte den Neueinsteigern spielerisch Ballgef\u00fchl und erste Tennis-Grundlagen. Erfahrene Tenniskinder konnten in der Zeit ihr K\u00f6nnen zeigen und verbessern. Am Ende waren alle so begeistert, dass sie gern noch weiter gemacht h\u00e4tten.\u00a0<br>Daf\u00fcr besteht nat\u00fcrlich die Gelegenheit, im Verein regelm\u00e4\u00dfig zu trainieren oder man trifft sich einfach bei den Sommerferienspielen 2026 wieder.\u00a0<\/p>\n\n\n\n<figure class=\"wp-block-gallery has-nested-images columns-default is-cropped wp-block-gallery-1 is-layout-flex wp-block-gallery-is-layout-flex\">\n<figure class=\"wp-block-image size-large\"><a href=\"https:\/\/tcleteln.de\/wp-content\/uploads\/2025\/08\/Ferienspiele2025_Bild3.jpg\"><img loading=\"lazy\" decoding=\"async\" width=\"1024\" height=\"768\" data-id=\"2445\" src=\"https:\/\/tcleteln.de\/wp-content\/uploads\/2025\/08\/Ferienspiele2025_Bild3-1024x768.jpg\" alt=\"\" class=\"wp-image-2445\" srcset=\"https:\/\/tcleteln.de\/wp-content\/uploads\/2025\/08\/Ferienspiele2025_Bild3-1024x768.jpg 1024w, https:\/\/tcleteln.de\/wp-content\/uploads\/2025\/08\/Ferienspiele2025_Bild3-300x225.jpg 300w, https:\/\/tcleteln.de\/wp-content\/uploads\/2025\/08\/Ferienspiele2025_Bild3-768x576.jpg 768w, https:\/\/tcleteln.de\/wp-content\/uploads\/2025\/08\/Ferienspiele2025_Bild3-1536x1152.jpg 1536w, https:\/\/tcleteln.de\/wp-content\/uploads\/2025\/08\/Ferienspiele2025_Bild3.jpg 2048w\" sizes=\"auto, (max-width: 1024px) 100vw, 1024px\" \/><\/a><\/figure>\n\n\n\n<figure class=\"wp-block-image size-large\"><a href=\"https:\/\/tcleteln.de\/wp-content\/uploads\/2025\/08\/Ferienspiele2025_Bild2.jpg\"><img loading=\"lazy\" decoding=\"async\" width=\"1024\" height=\"768\" data-id=\"2444\" src=\"https:\/\/tcleteln.de\/wp-content\/uploads\/2025\/08\/Ferienspiele2025_Bild2-1024x768.jpg\" alt=\"\" class=\"wp-image-2444\" srcset=\"https:\/\/tcleteln.de\/wp-content\/uploads\/2025\/08\/Ferienspiele2025_Bild2-1024x768.jpg 1024w, https:\/\/tcleteln.de\/wp-content\/uploads\/2025\/08\/Ferienspiele2025_Bild2-300x225.jpg 300w, https:\/\/tcleteln.de\/wp-content\/uploads\/2025\/08\/Ferienspiele2025_Bild2-768x576.jpg 768w, https:\/\/tcleteln.de\/wp-content\/uploads\/2025\/08\/Ferienspiele2025_Bild2-1536x1152.jpg 1536w, https:\/\/tcleteln.de\/wp-content\/uploads\/2025\/08\/Ferienspiele2025_Bild2.jpg 2048w\" sizes=\"auto, (max-width: 1024px) 100vw, 1024px\" \/><\/a><\/figure>\n\n\n\n<figure class=\"wp-block-image size-large\"><a href=\"https:\/\/tcleteln.de\/wp-content\/uploads\/2025\/08\/Ferienspiele2025_Bild1.jpg\"><img loading=\"lazy\" decoding=\"async\" width=\"1024\" height=\"768\" data-id=\"2443\" src=\"https:\/\/tcleteln.de\/wp-content\/uploads\/2025\/08\/Ferienspiele2025_Bild1-1024x768.jpg\" alt=\"\" class=\"wp-image-2443\" srcset=\"https:\/\/tcleteln.de\/wp-content\/uploads\/2025\/08\/Ferienspiele2025_Bild1-1024x768.jpg 1024w, https:\/\/tcleteln.de\/wp-content\/uploads\/2025\/08\/Ferienspiele2025_Bild1-300x225.jpg 300w, https:\/\/tcleteln.de\/wp-content\/uploads\/2025\/08\/Ferienspiele2025_Bild1-768x576.jpg 768w, https:\/\/tcleteln.de\/wp-content\/uploads\/2025\/08\/Ferienspiele2025_Bild1-1536x1152.jpg 1536w, https:\/\/tcleteln.de\/wp-content\/uploads\/2025\/08\/Ferienspiele2025_Bild1.jpg 2048w\" sizes=\"auto, (max-width: 1024px) 100vw, 1024px\" \/><\/a><\/figure>\n\n\n\n<figure class=\"wp-block-image size-large\"><a href=\"https:\/\/tcleteln.de\/wp-content\/uploads\/2025\/08\/Ferienspiele2025_Bild4.jpg\"><img loading=\"lazy\" decoding=\"async\" width=\"1024\" height=\"768\" data-id=\"2442\" src=\"https:\/\/tcleteln.de\/wp-content\/uploads\/2025\/08\/Ferienspiele2025_Bild4-1024x768.jpg\" alt=\"\" class=\"wp-image-2442\" srcset=\"https:\/\/tcleteln.de\/wp-content\/uploads\/2025\/08\/Ferienspiele2025_Bild4-1024x768.jpg 1024w, https:\/\/tcleteln.de\/wp-content\/uploads\/2025\/08\/Ferienspiele2025_Bild4-300x225.jpg 300w, https:\/\/tcleteln.de\/wp-content\/uploads\/2025\/08\/Ferienspiele2025_Bild4-768x576.jpg 768w, https:\/\/tcleteln.de\/wp-content\/uploads\/2025\/08\/Ferienspiele2025_Bild4-1536x1152.jpg 1536w, https:\/\/tcleteln.de\/wp-content\/uploads\/2025\/08\/Ferienspiele2025_Bild4.jpg 2048w\" sizes=\"auto, (max-width: 1024px) 100vw, 1024px\" \/><\/a><\/figure>\n<\/figure>\n","protected":false},"excerpt":{"rendered":"<p>Tolle Sommerferienspiele 2025 beim TC Leteln Im letzten Jahr fanden wieder die Ferienspiele statt. 13 Kinder konnten vom 06.08.2025 bis zum 08.08.2025 auf der Anlage des TC Leteln viel Spa\u00df bei unterschiedlichen Spielen, Bewegung und nat\u00fcrlich Tennis erleben. Das Trainerteam um Markus Dammeyer vermittelte den Neueinsteigern spielerisch Ballgef\u00fchl und erste Tennis-Grundlagen. Erfahrene Tenniskinder konnten in [&hellip;]<\/p>\n","protected":false},"author":4,"featured_media":0,"parent":0,"menu_order":0,"comment_status":"closed","ping_status":"closed","template":"","meta":{"ngg_post_thumbnail":0,"footnotes":""},"class_list":["post-2187","page","type-page","status-publish","hentry"],"jetpack_sharing_enabled":true,"_links":{"self":[{"href":"https:\/\/tcleteln.de\/index.php\/wp-json\/wp\/v2\/pages\/2187","targetHints":{"allow":["GET"]}}],"collection":[{"href":"https:\/\/tcleteln.de\/index.php\/wp-json\/wp\/v2\/pages"}],"about":[{"href":"https:\/\/tcleteln.de\/index.php\/wp-json\/wp\/v2\/types\/page"}],"author":[{"embeddable":true,"href":"https:\/\/tcleteln.de\/index.php\/wp-json\/wp\/v2\/users\/4"}],"replies":[{"embeddable":true,"href":"https:\/\/tcleteln.de\/index.php\/wp-json\/wp\/v2\/comments?post=2187"}],"version-history":[{"count":15,"href":"https:\/\/tcleteln.de\/index.php\/wp-json\/wp\/v2\/pages\/2187\/revisions"}],"predecessor-version":[{"id":7964,"href":"https:\/\/tcleteln.de\/index.php\/wp-json\/wp\/v2\/pages\/2187\/revisions\/7964"}],"wp:attachment":[{"href":"https:\/\/tcleteln.de\/index.php\/wp-json\/wp\/v2\/media?parent=2187"}],"curies":[{"name":"wp","href":"https:\/\/api.w.org\/{rel}","templated":true}]}}